{"id":11065,"date":"2025-10-15T16:28:18","date_gmt":"2025-10-15T14:28:18","guid":{"rendered":"https:\/\/www.cosmogruppo.it\/whistleblowing-reports-cosmo-tecnologie-ambientali\/"},"modified":"2025-10-15T16:28:19","modified_gmt":"2025-10-15T14:28:19","slug":"whistleblowing-reports-cosmo-tecnologie-ambientali","status":"publish","type":"page","link":"https:\/\/www.cosmogruppo.it\/en\/whistleblowing-reports-cosmo-tecnologie-ambientali\/","title":{"rendered":"Whistleblowing Reports Cosmo Tecnologie Ambientali"},"content":{"rendered":"<div class=\"wpb-content-wrapper\"><p>[vc_row content_width=&#8221;grid&#8221;][vc_column offset=&#8221;vc_col-xs-12&#8243;][vc_empty_space height=&#8221;100px&#8221;][vc_single_image image=&#8221;8874&#8243; img_size=&#8221;200&#215;183&#8243;][vc_empty_space height=&#8221;100px&#8221;][vc_column_text]<\/p>\n<h3>SEGNALAZIONI WHISTLEBLOWING \u00a0&#8211; \u00a0Decreto LEGISLATIVO n. 24\/2023<\/h3>\n<p>&nbsp;<\/p>\n<p><strong>OBIETTIVI<\/strong><\/p>\n<p>La Societ\u00e0 COSMO TECNOLOGIE AMBIENTALI SRL favorisce l\u2019utilizzo del sistema di protezione <em>Whistleblowing<\/em> quale fondamentale misura di etica e prevenzione dei rischi, incoraggiando e tutelando le persone che, secondo la vigente disciplina, segnalano violazioni di disposizioni normative, nazionali o dell&#8217;Unione europea, che ledono l&#8217;interesse pubblico o l&#8217;integrit\u00e0 della Societ\u00e0, di cui siano venute a conoscenza in un contesto lavorativo.<\/p>\n<p>I dipendenti ed i terzi, attraverso i Canali di segnalazione interni, possono comunicare eventuali illeciti relativi al mancato rispetto di quanto prescritto nel Codice Etico, nel MOGC, nella Politica Anticorruzione di cui alla Certificazione ISO 37001, nelle Procedure aziendali adottate, nonch\u00e9 le eventuali violazioni di norme nazionali e dell\u2019Unione Europea.<\/p>\n<p>La modalit\u00e0 preferibile per l\u2019invio di una segnalazione \u00e8 la forma non anonima, in quanto comporta l\u2019attivazione dell\u2019<em>iter<\/em> istruttorio di accertamento dei fatti ed agevola la verifica della loro veridicit\u00e0 e l\u2019eventuale raccolta di informazioni aggiuntive.<\/p>\n<p>Il sistema adottato dalla Societ\u00e0 risponde ai requisiti richiesti dal Decreto Legislativo n. 24\/2023 attuativo della Direttiva (UE) 2019\/1937, riguardante proprio la protezione delle persone che effettuano le predette segnalazioni.<\/p>\n<p>&nbsp;<\/p>\n<p><strong>COSA COMUNICARE<\/strong><\/p>\n<p>Alcuni esempi, non esaustivi, di possibili segnalazioni:<br \/>&#8211; situazioni di conflitto di interesse ritenute non conosciute dalla Societ\u00e0;<br \/>&#8211; atti di corruzione di terzi verso dipendenti o da parte di questi ultimi verso terzi;<br \/>&#8211; frodi;<br \/>&#8211; utilizzo improprio dei beni aziendali;<br \/>&#8211; intenzionale comunicazione di informazioni false a Pubbliche Amministrazioni;<br \/>&#8211; possibili violazioni di norme nazionali e dell\u2019Unione Europea;<br \/>&#8211; altre situazioni, dettagliatamente descritte nella <a style=\"color: #0473aa; text-decoration: underline;\" href=\"https:\/\/www.cosmogruppo.it\/wp-content\/uploads\/2024\/01\/PRO-41_Rev.03_Whistleblowing-policy_CTA.pdf\"><strong>Procedura Aziendale <i>\u201cWhisteblowing Policy\u201d<\/i><\/strong><\/a>.<\/p>\n<p>Non verranno prese in considerazione segnalazioni vaghe, poco circostanziate, oppure che in maniera evidente risultino effettuate in mala fede od abbiano contenuto calunnioso o diffamatorio o, infine, inerenti rivendicazioni lavorative personali, per le quali l\u2019interlocuratore designato rimane la Direzione Risorse Umane.<\/p>\n<p>La Societ\u00e0, in continuit\u00e0 con la soluzione operativa gi\u00e0 in essere, ha affidato la gestione del Canale di Segnalazione interno al Presidente dell\u2019OdV. Eventuali segnalazioni per le quali lo stesso OdV possa trovarsi in conflitto d\u2019interesse, saranno veicolate all\u2019Amministratore Unico della Societ\u00e0.<\/p>\n<p>&nbsp;<\/p>\n<p><strong>COME COMUNICARE<\/strong><\/p>\n<p>Il Sistema di ricezione e gestione delle segnalazioni \u00e8 disciplinato dalla\u00a0<a style=\"color: #0473aa; text-decoration: underline;\" href=\"https:\/\/www.cosmogruppo.it\/wp-content\/uploads\/2024\/01\/PRO-41_Rev.03_Whistleblowing-policy_CTA.pdf\"><strong>Procedura Aziendale<\/strong><strong><em> \u00a0&#8220;Whistleblowing Policy&#8221;\u00a0<\/em><\/strong><\/a>.<\/p>\n<p>La Societ\u00e0 prevede l\u2019utilizzo di due canali alternativi di segnalazione:<\/p>\n<ul>\n<li><strong>Piattaforma <em>online<\/em><\/strong>: l\u2019invio attraverso la piattaforma pu\u00f2 avvenire in forma scritta o tramite messaggistica vocale. Il canale risulta idoneo ad assicurare l\u2019assoluta riservatezza sia dell\u2019identit\u00e0 del Segnalante, sia delle informazioni oggetto di comunicazione, fatti salvi gli obblighi di legge.\u00a0 Utilizza il pulsante \u201cSegnalazioni\u201d per accedere alla piattaforma.<\/li>\n<\/ul>\n<p><a href=\"https:\/\/whistleblowing.dataservices.it\/COSMOTECNO\"><img loading=\"lazy\" decoding=\"async\" class=\"aligncenter wp-image-10709 size-full\" src=\"https:\/\/www.cosmogruppo.it\/wp-content\/uploads\/2023\/12\/image001.jpg\" alt=\"\" width=\"99\" height=\"32\" \/><\/a><\/p>\n<ul>\n<li><strong>Canale postale:<\/strong><br \/>\nLettera Raccomandata (senza ricevuta di ritorno) da indirizzare a COSMO TECNOLOGIE AMBIENTALI SRL, 30033 Noale (VE) \u2013 Via Mestrina 46\/x,<br \/>\nriportando sulla Busta contenitrice della due buste (che, a loro volta, \u00a0racchiuderanno separatamente gli estremi del Segnalante ed il testo della Segnalazione) la \u00a0seguente dicitura: \u201c<b><i>Riservata al Presidente dell\u2019Organismo di Vigilanza\u201d.<\/i><\/b><\/li>\n<\/ul>\n<p>&nbsp;<\/p>\n<p><strong>TUTELE<\/strong><\/p>\n<p>Oltre alla garanzia dell\u2019assoluta riservatezza dell\u2019identit\u00e0 del Segnalante e delle informazioni di cui, suo tramite, il Gestore del Canale interno venga in possesso, fatti salvi gli obblighi di legge, la Societ\u00e0 non effettuer\u00e0 azioni ritorsive (sanzioni disciplinari, demansionamento, sospensione, licenziamento, ecc.) o discriminer\u00e0 in alcun modo in ambito lavorativo il personale che abbia svolto in buona fede azioni mirate a riferire eventi o situazioni relative al rispetto del Codice Etico, del MOGC, della Politica Anticorruzione, delle Procedure aziendali o comunque delle normative di legge.<\/p>\n<p>Tale tutela viene estesa anche ai Facilitatori (coloro che prestano assistenza al Segnalante per l\u2019esecuzione della segnalazione); alle persone del medesimo contesto lavorativo del Segnalante e legate a costui da uno stabile legame di convivenza od affettivo o da un rapporto di parentela entro il quarto grado; ai colleghi di lavoro che hanno con il Segnalante un rapporto abituale e corrente; agli Enti di propriet\u00e0 del Segnalante od in cui egli lavora, nonch\u00e9 agli enti che operano nel suo medesimo contesto lavorativo ed a tutti i soggetti indicati all\u2019art. 3 del D.Lgs. n. 24\/2023.<\/p>\n<p>&nbsp;<\/p>\n<p><a style=\"color: #0473aa; text-decoration: underline;\" href=\"https:\/\/www.cosmogruppo.it\/wp-content\/uploads\/2023\/12\/CTA_Privacy-Policy.pdf\" target=\"_blank\" rel=\"noopener noreferrer\">Informativa ai sensi degli artt. 13 e 14 del Regolamento UE 2016\/679 (cd. GDPR).<\/a>[\/vc_column_text][\/vc_column][\/vc_row][vc_row][vc_column][vc_empty_space height=&#8221;80px&#8221; el_id=&#8221;vision&#8221;][\/vc_column][\/vc_row]<\/p>\n<\/div>","protected":false},"excerpt":{"rendered":"<p>[vc_row content_width=&#8221;grid&#8221;][vc_column offset=&#8221;vc_col-xs-12&#8243;][vc_empty_space height=&#8221;100px&#8221;][vc_single_image image=&#8221;8874&#8243; img_size=&#8221;200&#215;183&#8243;][vc_empty_space height=&#8221;100px&#8221;][vc_column_text] SEGNALAZIONI WHISTLEBLOWING \u00a0&#8211; \u00a0Decreto LEGISLATIVO n. 24\/2023 &nbsp; OBIETTIVI La Societ\u00e0 COSMO TECNOLOGIE AMBIENTALI SRL favorisce l\u2019utilizzo del sistema di protezione Whistleblowing quale fondamentale misura di etica e prevenzione dei rischi, incoraggiando e tutelando le persone che, secondo la vigente disciplina, segnalano violazioni&#8230;<\/p>\n","protected":false},"author":1,"featured_media":0,"parent":0,"menu_order":0,"comment_status":"closed","ping_status":"closed","template":"full-width.php","meta":{"footnotes":""},"class_list":["post-11065","page","type-page","status-publish","hentry"],"yoast_head":"<!-- This site is optimized with the Yoast SEO plugin v27.2 - https:\/\/yoast.com\/product\/yoast-seo-wordpress\/ -->\n<title>Whistleblowing Reports Cosmo Tecnologie Ambientali | Gruppo Cosmo<\/title>\n<meta name=\"robots\" content=\"index, follow, max-snippet:-1, max-image-preview:large, max-video-preview:-1\" \/>\n<link rel=\"canonical\" href=\"https:\/\/www.cosmogruppo.it\/en\/whistleblowing-reports-cosmo-tecnologie-ambientali\/\" \/>\n<meta property=\"og:locale\" content=\"en_US\" \/>\n<meta property=\"og:type\" content=\"article\" \/>\n<meta property=\"og:title\" content=\"Whistleblowing Reports Cosmo Tecnologie Ambientali | Gruppo Cosmo\" \/>\n<meta property=\"og:description\" content=\"[vc_row content_width=&#8221;grid&#8221;][vc_column offset=&#8221;vc_col-xs-12&#8243;][vc_empty_space height=&#8221;100px&#8221;][vc_single_image image=&#8221;8874&#8243; img_size=&#8221;200&#215;183&#8243;][vc_empty_space height=&#8221;100px&#8221;][vc_column_text] SEGNALAZIONI WHISTLEBLOWING \u00a0&#8211; \u00a0Decreto LEGISLATIVO n. 24\/2023 &nbsp; OBIETTIVI La Societ\u00e0 COSMO TECNOLOGIE AMBIENTALI SRL favorisce l\u2019utilizzo del sistema di protezione Whistleblowing quale fondamentale misura di etica e prevenzione dei rischi, incoraggiando e tutelando le persone che, secondo la vigente disciplina, segnalano violazioni...\" \/>\n<meta property=\"og:url\" content=\"https:\/\/www.cosmogruppo.it\/en\/whistleblowing-reports-cosmo-tecnologie-ambientali\/\" \/>\n<meta property=\"og:site_name\" content=\"Gruppo Cosmo\" \/>\n<meta property=\"article:modified_time\" content=\"2025-10-15T14:28:19+00:00\" \/>\n<meta property=\"og:image\" content=\"https:\/\/www.cosmogruppo.it\/wp-content\/uploads\/2023\/12\/image001.jpg\" \/>\n\t<meta property=\"og:image:width\" content=\"99\" \/>\n\t<meta property=\"og:image:height\" content=\"32\" \/>\n\t<meta property=\"og:image:type\" content=\"image\/jpeg\" \/>\n<meta name=\"twitter:card\" content=\"summary_large_image\" \/>\n<meta name=\"twitter:label1\" content=\"Est. reading time\" \/>\n\t<meta name=\"twitter:data1\" content=\"4 minutes\" \/>\n<script type=\"application\/ld+json\" class=\"yoast-schema-graph\">{\"@context\":\"https:\/\/schema.org\",\"@graph\":[{\"@type\":\"WebPage\",\"@id\":\"https:\/\/www.cosmogruppo.it\/en\/whistleblowing-reports-cosmo-tecnologie-ambientali\/\",\"url\":\"https:\/\/www.cosmogruppo.it\/en\/whistleblowing-reports-cosmo-tecnologie-ambientali\/\",\"name\":\"Whistleblowing Reports Cosmo Tecnologie Ambientali | Gruppo Cosmo\",\"isPartOf\":{\"@id\":\"https:\/\/www.cosmogruppo.it\/en\/#website\"},\"primaryImageOfPage\":{\"@id\":\"https:\/\/www.cosmogruppo.it\/en\/whistleblowing-reports-cosmo-tecnologie-ambientali\/#primaryimage\"},\"image\":{\"@id\":\"https:\/\/www.cosmogruppo.it\/en\/whistleblowing-reports-cosmo-tecnologie-ambientali\/#primaryimage\"},\"thumbnailUrl\":\"https:\/\/www.cosmogruppo.it\/wp-content\/uploads\/2023\/12\/image001.jpg\",\"datePublished\":\"2025-10-15T14:28:18+00:00\",\"dateModified\":\"2025-10-15T14:28:19+00:00\",\"breadcrumb\":{\"@id\":\"https:\/\/www.cosmogruppo.it\/en\/whistleblowing-reports-cosmo-tecnologie-ambientali\/#breadcrumb\"},\"inLanguage\":\"en-US\",\"potentialAction\":[{\"@type\":\"ReadAction\",\"target\":[\"https:\/\/www.cosmogruppo.it\/en\/whistleblowing-reports-cosmo-tecnologie-ambientali\/\"]}]},{\"@type\":\"ImageObject\",\"inLanguage\":\"en-US\",\"@id\":\"https:\/\/www.cosmogruppo.it\/en\/whistleblowing-reports-cosmo-tecnologie-ambientali\/#primaryimage\",\"url\":\"https:\/\/www.cosmogruppo.it\/wp-content\/uploads\/2023\/12\/image001.jpg\",\"contentUrl\":\"https:\/\/www.cosmogruppo.it\/wp-content\/uploads\/2023\/12\/image001.jpg\"},{\"@type\":\"BreadcrumbList\",\"@id\":\"https:\/\/www.cosmogruppo.it\/en\/whistleblowing-reports-cosmo-tecnologie-ambientali\/#breadcrumb\",\"itemListElement\":[{\"@type\":\"ListItem\",\"position\":1,\"name\":\"Home\",\"item\":\"https:\/\/www.cosmogruppo.it\/en\/\"},{\"@type\":\"ListItem\",\"position\":2,\"name\":\"Whistleblowing Reports Cosmo Tecnologie Ambientali\"}]},{\"@type\":\"WebSite\",\"@id\":\"https:\/\/www.cosmogruppo.it\/en\/#website\",\"url\":\"https:\/\/www.cosmogruppo.it\/en\/\",\"name\":\"Gruppo Cosmo\",\"description\":\"Costruzioni demolizioni smaltimento | Gruppo Cosmo\",\"publisher\":{\"@id\":\"https:\/\/www.cosmogruppo.it\/en\/#organization\"},\"potentialAction\":[{\"@type\":\"SearchAction\",\"target\":{\"@type\":\"EntryPoint\",\"urlTemplate\":\"https:\/\/www.cosmogruppo.it\/en\/?s={search_term_string}\"},\"query-input\":{\"@type\":\"PropertyValueSpecification\",\"valueRequired\":true,\"valueName\":\"search_term_string\"}}],\"inLanguage\":\"en-US\"},{\"@type\":\"Organization\",\"@id\":\"https:\/\/www.cosmogruppo.it\/en\/#organization\",\"name\":\"Gruppo Cosmo\",\"url\":\"https:\/\/www.cosmogruppo.it\/en\/\",\"logo\":{\"@type\":\"ImageObject\",\"inLanguage\":\"en-US\",\"@id\":\"https:\/\/www.cosmogruppo.it\/en\/#\/schema\/logo\/image\/\",\"url\":\"https:\/\/www.cosmogruppo.it\/wp-content\/uploads\/2020\/07\/logo-header-w200.png\",\"contentUrl\":\"https:\/\/www.cosmogruppo.it\/wp-content\/uploads\/2020\/07\/logo-header-w200.png\",\"width\":200,\"height\":61,\"caption\":\"Gruppo Cosmo\"},\"image\":{\"@id\":\"https:\/\/www.cosmogruppo.it\/en\/#\/schema\/logo\/image\/\"}}]}<\/script>\n<!-- \/ Yoast SEO plugin. -->","yoast_head_json":{"title":"Whistleblowing Reports Cosmo Tecnologie Ambientali | Gruppo Cosmo","robots":{"index":"index","follow":"follow","max-snippet":"max-snippet:-1","max-image-preview":"max-image-preview:large","max-video-preview":"max-video-preview:-1"},"canonical":"https:\/\/www.cosmogruppo.it\/en\/whistleblowing-reports-cosmo-tecnologie-ambientali\/","og_locale":"en_US","og_type":"article","og_title":"Whistleblowing Reports Cosmo Tecnologie Ambientali | Gruppo Cosmo","og_description":"[vc_row content_width=&#8221;grid&#8221;][vc_column offset=&#8221;vc_col-xs-12&#8243;][vc_empty_space height=&#8221;100px&#8221;][vc_single_image image=&#8221;8874&#8243; img_size=&#8221;200&#215;183&#8243;][vc_empty_space height=&#8221;100px&#8221;][vc_column_text] SEGNALAZIONI WHISTLEBLOWING \u00a0&#8211; \u00a0Decreto LEGISLATIVO n. 24\/2023 &nbsp; OBIETTIVI La Societ\u00e0 COSMO TECNOLOGIE AMBIENTALI SRL favorisce l\u2019utilizzo del sistema di protezione Whistleblowing quale fondamentale misura di etica e prevenzione dei rischi, incoraggiando e tutelando le persone che, secondo la vigente disciplina, segnalano violazioni...","og_url":"https:\/\/www.cosmogruppo.it\/en\/whistleblowing-reports-cosmo-tecnologie-ambientali\/","og_site_name":"Gruppo Cosmo","article_modified_time":"2025-10-15T14:28:19+00:00","og_image":[{"width":99,"height":32,"url":"https:\/\/www.cosmogruppo.it\/wp-content\/uploads\/2023\/12\/image001.jpg","type":"image\/jpeg"}],"twitter_card":"summary_large_image","twitter_misc":{"Est. reading time":"4 minutes"},"schema":{"@context":"https:\/\/schema.org","@graph":[{"@type":"WebPage","@id":"https:\/\/www.cosmogruppo.it\/en\/whistleblowing-reports-cosmo-tecnologie-ambientali\/","url":"https:\/\/www.cosmogruppo.it\/en\/whistleblowing-reports-cosmo-tecnologie-ambientali\/","name":"Whistleblowing Reports Cosmo Tecnologie Ambientali | Gruppo Cosmo","isPartOf":{"@id":"https:\/\/www.cosmogruppo.it\/en\/#website"},"primaryImageOfPage":{"@id":"https:\/\/www.cosmogruppo.it\/en\/whistleblowing-reports-cosmo-tecnologie-ambientali\/#primaryimage"},"image":{"@id":"https:\/\/www.cosmogruppo.it\/en\/whistleblowing-reports-cosmo-tecnologie-ambientali\/#primaryimage"},"thumbnailUrl":"https:\/\/www.cosmogruppo.it\/wp-content\/uploads\/2023\/12\/image001.jpg","datePublished":"2025-10-15T14:28:18+00:00","dateModified":"2025-10-15T14:28:19+00:00","breadcrumb":{"@id":"https:\/\/www.cosmogruppo.it\/en\/whistleblowing-reports-cosmo-tecnologie-ambientali\/#breadcrumb"},"inLanguage":"en-US","potentialAction":[{"@type":"ReadAction","target":["https:\/\/www.cosmogruppo.it\/en\/whistleblowing-reports-cosmo-tecnologie-ambientali\/"]}]},{"@type":"ImageObject","inLanguage":"en-US","@id":"https:\/\/www.cosmogruppo.it\/en\/whistleblowing-reports-cosmo-tecnologie-ambientali\/#primaryimage","url":"https:\/\/www.cosmogruppo.it\/wp-content\/uploads\/2023\/12\/image001.jpg","contentUrl":"https:\/\/www.cosmogruppo.it\/wp-content\/uploads\/2023\/12\/image001.jpg"},{"@type":"BreadcrumbList","@id":"https:\/\/www.cosmogruppo.it\/en\/whistleblowing-reports-cosmo-tecnologie-ambientali\/#breadcrumb","itemListElement":[{"@type":"ListItem","position":1,"name":"Home","item":"https:\/\/www.cosmogruppo.it\/en\/"},{"@type":"ListItem","position":2,"name":"Whistleblowing Reports Cosmo Tecnologie Ambientali"}]},{"@type":"WebSite","@id":"https:\/\/www.cosmogruppo.it\/en\/#website","url":"https:\/\/www.cosmogruppo.it\/en\/","name":"Gruppo Cosmo","description":"Costruzioni demolizioni smaltimento | Gruppo Cosmo","publisher":{"@id":"https:\/\/www.cosmogruppo.it\/en\/#organization"},"potentialAction":[{"@type":"SearchAction","target":{"@type":"EntryPoint","urlTemplate":"https:\/\/www.cosmogruppo.it\/en\/?s={search_term_string}"},"query-input":{"@type":"PropertyValueSpecification","valueRequired":true,"valueName":"search_term_string"}}],"inLanguage":"en-US"},{"@type":"Organization","@id":"https:\/\/www.cosmogruppo.it\/en\/#organization","name":"Gruppo Cosmo","url":"https:\/\/www.cosmogruppo.it\/en\/","logo":{"@type":"ImageObject","inLanguage":"en-US","@id":"https:\/\/www.cosmogruppo.it\/en\/#\/schema\/logo\/image\/","url":"https:\/\/www.cosmogruppo.it\/wp-content\/uploads\/2020\/07\/logo-header-w200.png","contentUrl":"https:\/\/www.cosmogruppo.it\/wp-content\/uploads\/2020\/07\/logo-header-w200.png","width":200,"height":61,"caption":"Gruppo Cosmo"},"image":{"@id":"https:\/\/www.cosmogruppo.it\/en\/#\/schema\/logo\/image\/"}}]}},"_links":{"self":[{"href":"https:\/\/www.cosmogruppo.it\/en\/wp-json\/wp\/v2\/pages\/11065","targetHints":{"allow":["GET"]}}],"collection":[{"href":"https:\/\/www.cosmogruppo.it\/en\/wp-json\/wp\/v2\/pages"}],"about":[{"href":"https:\/\/www.cosmogruppo.it\/en\/wp-json\/wp\/v2\/types\/page"}],"author":[{"embeddable":true,"href":"https:\/\/www.cosmogruppo.it\/en\/wp-json\/wp\/v2\/users\/1"}],"replies":[{"embeddable":true,"href":"https:\/\/www.cosmogruppo.it\/en\/wp-json\/wp\/v2\/comments?post=11065"}],"version-history":[{"count":3,"href":"https:\/\/www.cosmogruppo.it\/en\/wp-json\/wp\/v2\/pages\/11065\/revisions"}],"predecessor-version":[{"id":11068,"href":"https:\/\/www.cosmogruppo.it\/en\/wp-json\/wp\/v2\/pages\/11065\/revisions\/11068"}],"wp:attachment":[{"href":"https:\/\/www.cosmogruppo.it\/en\/wp-json\/wp\/v2\/media?parent=11065"}],"curies":[{"name":"wp","href":"https:\/\/api.w.org\/{rel}","templated":true}]}}